{"id":221,"date":"2015-07-08T16:18:30","date_gmt":"2015-07-08T14:18:30","guid":{"rendered":"https:\/\/192.100.101.252\/?page_id=221"},"modified":"2025-06-23T15:23:15","modified_gmt":"2025-06-23T13:23:15","slug":"impressum","status":"publish","type":"page","link":"https:\/\/www.kunst-undwerbedruck.de\/en\/impressum\/","title":{"rendered":"Impressum"},"content":{"rendered":"<p><strong>K+W Kunst- und Werbedruck GmbH<\/strong><br \/>\nHinterm Schloss 11<br \/>\n32549 Bad Oeynhausen<\/p>\n<p>Tel.:\u00a005731.75 88 0<br \/>\nFax:\u00a005731.75 88 99<br \/>\nE-Mail:\u00a0info@kunst-undwerbedruck.de<\/p>\n<p>Registergericht: HRB 204482, Amtsgericht Hildesheim<br \/>\nGesch\u00e4ftsf\u00fchrer: Stefan Belte, Frank Pieper<\/p>\n<p>USt-IdNr. DE 423 159 304<\/p>\n<p>Kunst- und Werbedruck ist nicht f\u00fcr die Inhalte fremder Seiten verantwortlich, die \u00fcber einen Link erreicht werden.<\/p>\n","protected":false},"excerpt":{"rendered":"<p>K+W Kunst- und Werbedruck GmbH Hinterm Schloss 11 32549 Bad Oeynhausen Tel.:\u00a005731.75 88 0 Fax:\u00a005731.75 88 99 E-Mail:\u00a0info@kunst-undwerbedruck.de Registergericht: HRB 204482, Amtsgericht Hildesheim Gesch\u00e4ftsf\u00fchrer: Stefan Belte, Frank Pieper USt-IdNr. DE 423 159 304 Kunst- und Werbedruck ist nicht f\u00fcr die Inhalte fremder Seiten verantwortlich, die \u00fcber einen Link erreicht werden.<\/p>\n","protected":false},"author":1,"featured_media":0,"parent":0,"menu_order":0,"comment_status":"open","ping_status":"open","template":"","meta":{"footnotes":""},"class_list":["post-221","page","type-page","status-publish","hentry"],"translation":{"provider":"WPGlobus","version":"3.0.0","language":"en","enabled_languages":["de","en"],"languages":{"de":{"title":true,"content":true,"excerpt":false},"en":{"title":false,"content":false,"excerpt":false}}},"_links":{"self":[{"href":"https:\/\/www.kunst-undwerbedruck.de\/en\/wp-json\/wp\/v2\/pages\/221"}],"collection":[{"href":"https:\/\/www.kunst-undwerbedruck.de\/en\/wp-json\/wp\/v2\/pages"}],"about":[{"href":"https:\/\/www.kunst-undwerbedruck.de\/en\/wp-json\/wp\/v2\/types\/page"}],"author":[{"embeddable":true,"href":"https:\/\/www.kunst-undwerbedruck.de\/en\/wp-json\/wp\/v2\/users\/1"}],"replies":[{"embeddable":true,"href":"https:\/\/www.kunst-undwerbedruck.de\/en\/wp-json\/wp\/v2\/comments?post=221"}],"version-history":[{"count":8,"href":"https:\/\/www.kunst-undwerbedruck.de\/en\/wp-json\/wp\/v2\/pages\/221\/revisions"}],"predecessor-version":[{"id":1481,"href":"https:\/\/www.kunst-undwerbedruck.de\/en\/wp-json\/wp\/v2\/pages\/221\/revisions\/1481"}],"wp:attachment":[{"href":"https:\/\/www.kunst-undwerbedruck.de\/en\/wp-json\/wp\/v2\/media?parent=221"}],"curies":[{"name":"wp","href":"https:\/\/api.w.org\/{rel}","templated":true}]}}