{"id":223,"date":"2015-07-08T16:18:22","date_gmt":"2015-07-08T14:18:22","guid":{"rendered":"https:\/\/192.100.101.252\/?page_id=223"},"modified":"2018-06-06T13:54:44","modified_gmt":"2018-06-06T11:54:44","slug":"datenschutz","status":"publish","type":"page","link":"https:\/\/www.kunst-undwerbedruck.de\/en\/datenschutz\/","title":{"rendered":"Datenschutz"},"content":{"rendered":"<div class=\"intro\">\n<p>Die Kunst- und Werbedruck Hinrich H. Leonhardt G\u00fcnther Wedekind GmbH &amp; Co KG nimmt den Schutz Ihrer pers\u00f6nlichen Daten sehr ernst. Wir halten uns strikt an die Regeln der Datenschutzgesetze. Personenbezogene Daten werden auf dieser Website nur im technisch notwendigen Umfang erhoben. In keinem Fall werden die erhobenen Daten verkauft oder aus anderen Gr\u00fcnden an Dritte weitergegeben. Die nachfolgende Erkl\u00e4rung gibt Ihnen einen \u00dcberblick dar\u00fcber, wie wir diesen Schutz gew\u00e4hrleisten und welche Art von Daten zu welchem Zweck erhoben werden.<\/p>\n<p><strong>Verantwortliche Stelle im Sinne der Datenschutz-Grundverordnung (EU DS-GVO)<br \/>\n<\/strong>Verantwortlich f\u00fcr die Verarbeitung Ihrer Daten ist<\/p>\n<p>Kunst- und Werbedruck Hinrich H. Leonhardt G\u00fcnther Wedekind GmbH &amp; Co KG<br \/>\nGesch\u00e4ftsf\u00fchrung: Stefan Belte und Frank Pieper<br \/>\nHinterm Schloss 11<br \/>\n32549 Bad Oeynhausen<\/p>\n<p>Tel.: 05731.75 88 &#8211; 0<br \/>\nFax: 05731.75 88 &#8211; 99<br \/>\nE-Mail: info@kunst-undwerbedruck.de<\/p>\n<\/div>\n<p><strong>Datenschutzbeauftragter<\/strong><br \/>\nSie erreichen unseren betrieblichen Datenschutzbeauftragten unter<\/p>\n<p>Kunst- und Werbedruck Hinrich H. Leonhardt G\u00fcnther Wedekind GmbH &amp; Co KG<br \/>\nHinterm Schloss 11<br \/>\n32549 Bad Oeynhausen<\/p>\n<p>E-Mail: datenschutz@kunst-undwerbedruck.de<\/p>\n<p><strong>Begrifflichkeiten<\/strong><br \/>\nDiese Datenschutzerkl\u00e4rung soll f\u00fcr Sie lesbar und verst\u00e4ndlich sein. Um das zu gew\u00e4hrleisten, m\u00f6chten wir vorab die verwendeten Begriffe im Sinne der Datenschutzgesetze erl\u00e4utern.<br \/>\nWir verwenden in unserer Datenschutzerkl\u00e4rung unter anderem die folgenden Begriffe:<\/p>\n<ul>\n<li><strong>Personenbezogene Daten<\/strong><br \/>\nPersonenbezogene Daten sind alle Informationen, die sich auf eine identifizierte oder identifizierbare nat\u00fcrliche Person (im Folgenden \u201eBetroffener\u201c) beziehen. Als identifizierbar wird eine nat\u00fcrliche Person angesehen, die direkt oder indirekt, insbesondere mittels Zuordnung zu einer Kennung wie einem Namen, zu einer Kennnummer, zu Standortdaten, zu einer Online-Kennung oder zu einem oder mehreren besonderen Merkmalen, die Ausdruck der physischen, physiologischen, genetischen, psychischen, wirtschaftlichen, kulturellen oder sozialen Identit\u00e4t dieser nat\u00fcrlichen Person sind, identifiziert werden kann.<\/li>\n<li><strong>Betroffene(r)<\/strong><br \/>\nBetroffene Person ist jede identifizierte oder identifizierbare nat\u00fcrliche Person, deren personenbezogene Daten von uns verarbeitet werden (z. B. Interessenten, Kunden, Lieferanten und Bewerber)<\/li>\n<li><strong>Verarbeitung<\/strong><br \/>\nVerarbeitung ist jeder mit oder ohne Hilfe automatisierter Verfahren ausgef\u00fchrte Vorgang oder jede solche Vorgangsreihe im Zusammenhang mit personenbezogenen Daten wie das Erheben, das Erfassen, die Organisation, das Ordnen, die Speicherung, die Anpassung oder Ver\u00e4nderung, das Auslesen, das Abfragen, die Verwendung, die Offenlegung durch \u00dcbermittlung, Verbreitung oder eine andere Form der Bereitstellung, den Abgleich oder die Verkn\u00fcpfung, die Einschr\u00e4nkung, das L\u00f6schen oder die Vernichtung.<\/li>\n<li><strong>Einschr\u00e4nkung der Verarbeitung (Sperrung)<\/strong><br \/>\nSperrung ist die Kenntlichmachung gespeicherter personenbezogener Daten mit dem Ziel, ihre k\u00fcnftige Verarbeitung einzuschr\u00e4nken.<\/li>\n<li><strong>Profiling<\/strong><br \/>\nProfiling ist jede Art der automatisierten Verarbeitung personenbezogener Daten. Sie besteht darin, dass diese personenbezogenen Daten verwendet werden, um bestimmte pers\u00f6nliche Aspekte, die sich auf eine nat\u00fcrliche Person beziehen, zu bewerten, insbesondere, um Aspekte bez\u00fcglich Arbeitsleistung, wirtschaftlicher Lage, Gesundheit, pers\u00f6nlicher Vorlieben, Interessen, Zuverl\u00e4ssigkeit, Verhalten, Aufenthaltsort oder Ortswechsel dieser nat\u00fcrlichen Person zu analysieren oder vorherzusagen.<\/li>\n<li><strong>Pseudonymisierung<\/strong><br \/>\nPseudonymisierung ist die Verarbeitung personenbezogener Daten in einer Weise, auf die die personenbezogenen Daten ohne Hinzuziehung zus\u00e4tzlicher Informationen nicht mehr einer spezifisch betroffenen Person zugeordnet werden k\u00f6nnen, sofern diese zus\u00e4tzlichen Informationen gesondert aufbewahrt werden und technischen und organisatorischen Ma\u00dfnahmen unterliegen, die gew\u00e4hrleisten, dass die personenbezogenen Daten nicht einer identifizierten oder identifizierbaren nat\u00fcrlichen Person zugewiesen werden.<\/li>\n<li><strong>Verantwortliche(r)<\/strong><br \/>\nVerantwortlicher ist die nat\u00fcrliche oder juristische Person, Beh\u00f6rde, Einrichtung oder andere Stelle, die allein oder gemeinsam mit anderen \u00fcber Zweck und Mittel der Verarbeitung von personenbezogenen Daten entscheidet.<\/li>\n<li><strong>Auftragsverarbeiter<\/strong><br \/>\nAuftragsverarbeiter ist eine nat\u00fcrliche oder juristische Person, Beh\u00f6rde, Einrichtung oder andere Stelle, die personenbezogene Daten im Auftrag des Verantwortlichen verarbeitet.<\/li>\n<li><strong>Empf\u00e4nger<\/strong><br \/>\nEmpf\u00e4nger ist eine nat\u00fcrliche oder juristische Person, Beh\u00f6rde, Einrichtung oder andere Stelle, der personenbezogene Daten offengelegt werden, unabh\u00e4ngig davon, ob es sich bei ihr um einen Dritten handelt oder nicht. Beh\u00f6rden, die im Rahmen eines bestimmten Untersuchungsauftrags nach dem Unionsrecht oder dem Recht der Mitgliedstaaten m\u00f6glicherweise personenbezogene Daten erhalten, gelten jedoch nicht als Empf\u00e4nger.<\/li>\n<li><strong>Dritte(r)<\/strong><br \/>\nDritter ist eine nat\u00fcrliche oder juristische Person, Beh\u00f6rde, Einrichtung oder andere Stelle au\u00dfer der betroffenen Person, dem Verantwortlichen, dem Auftragsverarbeiter und den Personen, die unter der unmittelbaren Verantwortung des Verantwortlichen oder des Auftragsverarbeiters befugt sind, die personenbezogenen Daten zu verarbeiten.<\/li>\n<li><strong>Einwilligung<\/strong><br \/>\nEinwilligung ist jede von der betroffenen Person freiwillig f\u00fcr den bestimmten Fall in informierter Weise und unmissverst\u00e4ndlich abgegebene Willensbekundung in Form einer Erkl\u00e4rung oder einer sonstigen eindeutigen best\u00e4tigenden Handlung, mit der die betroffene Person zu verstehen gibt, dass sie mit der Verarbeitung der sie betreffenden personenbezogenen Daten einverstanden ist.<\/li>\n<\/ul>\n<p><strong>Welche personenbezogenen Daten verarbeiten wir?<\/strong><br \/>\nWir verarbeiten personenbezogene Daten, die wir im Rahmen unserer Gesch\u00e4ftsbeziehung von unseren Kunden oder anderen Betroffenen erhalten. Zudem verarbeiten wir \u2013 soweit f\u00fcr die Erbringung unserer Leistungen erforderlich \u2013 personenbezogene Daten, die wir aus \u00f6ffentlich zug\u00e4nglichen Quellen (z. B. Handelsregister, Presse, Internet) zul\u00e4ssigerweise gewinnen oder die uns von sonstigen Dritten (z. B. einer Kreditauskunftei) berechtigt \u00fcbermittelt werden.<\/p>\n<p>Relevante personenbezogene Daten unserer Kunden, Lieferanten und Interessenten sind Personalien wie Namen, Anschriften, Telefonnummern und andere Kontaktdaten. Dar\u00fcber hinaus k\u00f6nnen dies auch Auftragsdaten (z. B. Lieferadressen, Ansprechpartner und Kontodaten), Informationen \u00fcber die finanzielle Situation (z. B. Bonit\u00e4tsdaten) sowie andere mit den genannten Kategorien vergleichbare Daten sein.<\/p>\n<p>Im Rahmen von Bewerbungsverfahren verarbeiten wir Daten wie Namen, Anschrift, Lichtbild, die pers\u00f6nliche Laufbahn und, falls uns mitgeteilt, die Religionszugeh\u00f6rigkeit.<\/p>\n<p>Welche personenbezogenen Daten wir im konkreten Fall von Ihnen verarbeiten, zu welchem Zweck und wie lange, k\u00f6nnen Sie bei unserem Datenschutzbeauftragten erfragen.<\/p>\n<p><strong>Wof\u00fcr und auf welcher Rechtsgrundlage verarbeiten wir Ihre Daten (Zweck)?<br \/>\n<\/strong>Wir verarbeiten Ihre personenbezogenen Daten &#8230;<\/p>\n<p>&#8230; zur Erf\u00fcllung von vertraglichen Pflichten (Art. 6 Abs. 1 b DS-GVO):<\/p>\n<p>Die Verarbeitung von Daten erfolgt zur Erbringung von Leistungen, wie die Produktion und den Versand hochwertiger Drucksachen im Rahmen der Durchf\u00fchrung der Vertragsverh\u00e4ltnisse mit unseren Kunden oder zur Durchf\u00fchrung vorvertraglicher Ma\u00dfnahmen, die auf Anfrage erfolgen. Der konkrete Zweck der Datenverarbeitung richten sich dabei in erster Linie nach der Dienstleistung (z. B. Adressdatenaufbereitung f\u00fcr den Postversand). Die weiteren Einzelheiten zu den Datenverarbeitungszwecken sind den jeweiligen Vertragsunterlagen (Auftragsbest\u00e4tigungen) und Gesch\u00e4ftsbedingungen zu entnehmen.<\/p>\n<p>&#8230; im Rahmen der Interessenabw\u00e4gung (Art. 6 Abs. 1 f DS-GVO):<\/p>\n<p>Soweit erforderlich verarbeiten wir Ihre Daten zur Wahrung eigener berechtigter Interessen. Beispiele:<\/p>\n<ul>\n<li>Konsultation von und Datenaustausch mit Auskunfteien zur Ermittlung von Bonit\u00e4ts- bzw. Ausfallrisiken,<\/li>\n<li>Auswertung von Bewerbungen zum Zweck der Einstellung neuer Mitarbeiter,<\/li>\n<li>Geltendmachung rechtlicher Anspr\u00fcche und Verteidigung bei rechtlichen Streitigkeiten,<\/li>\n<li>Verhinderung und Aufkl\u00e4rung von Straftaten,<\/li>\n<li>Video\u00fcberwachungen zur Wahrung des Hausrechts oder zur Sammlung von Beweismitteln bei Diebst\u00e4hlen.<\/li>\n<\/ul>\n<p>&#8230; aufgrund Ihrer Einwilligung (Art. 6 Abs. 1 a DS-GVO):<\/p>\n<p>Soweit Sie uns eine Einwilligung zur Verarbeitung von personenbezogenen Daten f\u00fcr bestimmte Zwecke (z. B. Bilder im Rahmen von Veranstaltungen, Newsletterversand) erteilt haben, ist die Rechtm\u00e4\u00dfigkeit dieser Verarbeitung auf Basis Ihrer Einwilligung gegeben. Eine erteilte Einwilligung kann jederzeit widerrufen werden. Der Widerruf einer Einwilligung wirkt erst f\u00fcr die Zukunft und ber\u00fchrt nicht die Rechtm\u00e4\u00dfigkeit der bis zum Widerruf verarbeiteten Daten.<\/p>\n<p>&#8230; aufgrund gesetzlicher Vorgaben (Art. 6 Abs. 1 c DS-GVO) oder im \u00f6ffentlichen Interesse (Art. 6 Abs. 1 e DS-GVO):<\/p>\n<p>Wir unterliegen diversen rechtlichen Verpflichtungen, das hei\u00dft gesetzlichen Anforderungen (z. B. Steuergesetze).<\/p>\n<p><strong>Wer bekommt meine Daten?<\/strong><br \/>\nInnerhalb unseres Unternehmens erhalten diejenigen Abteilungen Zugriff auf Ihre Daten, die diese zur Erf\u00fcllung unserer vertraglichen und gesetzlichen Pflichten ben\u00f6tigen. Auch von uns eingesetzte Dienstleister k\u00f6nnen zu diesen Zwecken Daten erhalten, wenn sie im Rahmen von Auftragsverarbeitungsverh\u00e4ltnissen beauftragt worden sind. Dies sind Unternehmen in den Kategorien Logistik, Druckdienstleistungen, Telekommunikation und Finanzdienstleistungen. Weitere Datenempf\u00e4nger k\u00f6nnen diejenigen Dienstleister sein, f\u00fcr die Sie uns Ihre Einwilligung zur Daten\u00fcbermittlung erteilt haben bzw. an die wir aufgrund einer Interessenabw\u00e4gung befugt sind, personenbezogene Daten zu \u00fcbermitteln.<\/p>\n<p><strong>Werden Daten in ein Drittland oder an eine internationale Organisation \u00fcbermittelt?<\/strong><br \/>\nNein, eine Daten\u00fcbermittlung an Unternehmen\/Personen in Staaten au\u00dferhalb der Europ\u00e4ischen Union (sogenannte Drittstaaten) findet nicht statt.<\/p>\n<p><strong>Wie lange werden meine Daten gespeichert?<\/strong><br \/>\nWir verarbeiten Ihre personenbezogenen Daten nur im notwendigen Umfang f\u00fcr einen festgelegten Zweck (z. B. Durchf\u00fchrung von Vertragsverh\u00e4ltnissen). Sind die Daten f\u00fcr die Erf\u00fcllung vertraglicher oder gesetzlicher Pflichten nicht mehr erforderlich und ist die Zweckbindung erloschen, werden diese regelm\u00e4\u00dfig gel\u00f6scht, es sei denn, deren (befristete) Speicherung ist aufgrund gesetzlicher Aufbewahrungspflichten erforderlich (z. B. \u00a7 147 Abgabenordnung):<\/p>\n<ul>\n<li>Angebote, Bestellungen und sonstige Korrespondenz zu Druckauftr\u00e4gen halten wir nach Ablauf des Vertrags 6 Jahre vor, um rechtliche Vorgaben erf\u00fcllen zu k\u00f6nnen.<\/li>\n<li>Rechnungen zu Ihren Auftr\u00e4gen m\u00fcssen aus steuerrechtlichen Gr\u00fcnden 10 Jahre aufbewahrt werden.<\/li>\n<li>Bewerbungsunterlagen werden nach Eingang maximal 6 Monate aufbewahrt, es sei denn, Sie m\u00f6chten, dass wir Ihre Bewerbung auch bei sp\u00e4teren Stellenausschreibungen ber\u00fccksichtigen.<\/li>\n<\/ul>\n<p>M\u00f6chten Sie weitere Informationen zu einzelnen Datenkategorien und deren L\u00f6schung, fragen Sie unseren Datenschutzbeauftragten.<\/p>\n<p><strong>Welche Datenschutzrechte habe ich?<\/strong><br \/>\nSie haben das Recht, auf Antrag jederzeit Auskunft \u00fcber Ihre bei uns gespeicherten personenbezogenen Daten zu erhalten. Ebenso haben Sie das Recht auf Berichtigung, Sperrung oder, abgesehen von der gesetzlich vorgeschriebenen Datenspeicherung zur Gesch\u00e4ftsabwicklung, L\u00f6schung Ihrer personenbezogenen Daten. Bitte wenden Sie sich dazu an unseren betrieblichen Datenschutzbeauftragten unter datenschutz@kunst-undwerbedruck.de.<br \/>\nDamit eine Sperre von Daten jederzeit ber\u00fccksichtigt werden kann, m\u00fcssen diese Daten zu Kontrollzwecken in einer Sperrdatei vorgehalten werden. Sie k\u00f6nnen auch die L\u00f6schung der Daten verlangen, soweit keine gesetzliche Archivierungsverpflichtung besteht. Besteht eine solche Verpflichtung sperren wir Ihre Daten auf Wunsch.<br \/>\nSie k\u00f6nnen \u00c4nderungen oder den Widerruf einer Einwilligung durch eine entsprechende Mitteilung an uns mit Wirkung f\u00fcr die Zukunft vornehmen. Verarbeitungen, die vor dem Widerruf erfolgten sind davon nicht betroffen.<br \/>\nFalls wir Ihre Rechtsanspr\u00fcche nicht wahrnehmen, haben Sie das Recht, bei der Aufsichtsbeh\u00f6rde f\u00fcr Datenschutz (LDI NRW) eine Beschwerde einzureichen.<\/p>\n<p><strong>Gibt es eine automatisierte Entscheidungsfindung?<\/strong><br \/>\nZur Begr\u00fcndung und Durchf\u00fchrung der Gesch\u00e4ftsbeziehung mit unseren Kunden und Lieferanten oder zur Verarbeitung von Bewerbungen nutzen wir keine automatisierte Entscheidungsfindung gem\u00e4\u00df Artikel 22 DS-GVO. Sollten wir diese Verfahren in Einzelf\u00e4llen einsetzen (z. B. bei der P\u00fcfung Ihrer Kreditw\u00fcrdigkeit), werden wir Sie hier\u00fcber und \u00fcber Ihre diesbez\u00fcglichen Rechte gesondert informieren, sofern dies gesetzlich vorgegeben ist.<\/p>\n<p><strong>Findet Profiling statt?<\/strong><br \/>\nWir analysieren keine personenbezogenen Daten, um bestimmte pers\u00f6nliche Aspekte von Ihnen vorherzusagen.<\/p>\n<p><strong>Informationen \u00fcber Ihr Widerspruchsrecht<\/strong><br \/>\nSie haben das Recht, jederzeit gegen die Verarbeitung Sie betreffender personenbezogener Daten Widerspruch einzulegen. Legen Sie Widerspruch ein, werden wir Ihre personenbezogenen Daten nicht mehr verarbeiten, es sei denn, wir k\u00f6nnen zwingende berechtigte Gr\u00fcnde f\u00fcr die Verarbeitung nachweisen, die Ihre Interessen, Rechte und Freiheiten \u00fcberwiegen, oder die Verarbeitung dient der Geltendmachung, Aus\u00fcbung oder Verteidigung von Rechtsanspr\u00fcchen.<br \/>\nDer Widerspruch kann schriftlich unter Angabe Ihres Namens und Ihrer Adresse an datenschutz@kunst-undwerbedruck gerichtet werden.<\/p>\n<p><strong>Verarbeitung von Daten auf dieser Internetseite<br \/>\n<\/strong>Wir erheben und speichern automatisch Informationen auf unserem Server, die Ihr Browser beim Aufruf dieser Internetseite an uns \u00fcbermittelt. Dies sind im Regelfall:<\/p>\n<ul>\n<li>Browsertyp\/-version<\/li>\n<li>verwendetes Betriebssystem<\/li>\n<li>Referrer URL (die zuvor besuchte Seite)<\/li>\n<li>Hostname des zugreifenden Rechners (IP Adresse)<\/li>\n<li>Uhrzeit der Serveranfrage<\/li>\n<\/ul>\n<p>Diese Daten sind f\u00fcr uns nicht bestimmten Besuchern zuordenbar. Eine Zusammenf\u00fchrung dieser Daten mit anderen Datenquellen wird nicht vorgenommen. Die Daten werden zudem nach einer statistischen Auswertung gel\u00f6scht. In keinem Fall werden die von uns erfassten Daten an Dritte weitergegeben.<\/p>\n<p>Diese Website l\u00e4dt mitunter Inhalte anderer Anbieter. Das sind zum Beispiel Schriften und JavaScript-Bibliotheken, die von diesen Anbietern zur Verf\u00fcgung gestellt werden. Damit diese Daten in Ihrem Browser aufgerufen und dargestellt werden k\u00f6nnen, ist die \u00dcbermittlung der IP-Adresse an diese Anbieter (im Folgenden als \u201eDritt-Anbieter\u201c bezeichnet) nicht auszuschlie\u00dfen. Die Anbieter nehmen also die IP-Adresse des jeweiligen Nutzers wahr. Auch wenn wir bem\u00fcht sind, ausschlie\u00dflich Dritt-Anbieter zu nutzen, welche die IP-Adresse nur ben\u00f6tigen, um Inhalte ausliefern zu k\u00f6nnen, haben wir keinen Einfluss darauf, ob die IP-Adresse m\u00f6glicherweise bei diesen gespeichert wird. Dieser Vorgang dient in dem Fall unter anderem statistischen Zwecken.<\/p>\n<p><strong>Cookies<br \/>\n<\/strong>Diese Internetseite verwendet keine Cookies. Cookies dienen in der Regel dazu, eine Website nutzerfreundlicher zu machen. Es sind kleine Textdateien, die auf Ihrem Rechner abgelegt werden und die Ihr Browser speichert. Wir sind der Ansicht, dass wir Ihnen auch ohne diese Funktion ein nutzerfreundliches Erlebnis auf unserer Website anbieten k\u00f6nnen.<\/p>\n<p><strong>\u00c4nderung unserer Datenschutzerkl\u00e4rung<br \/>\n<\/strong>Wir behalten uns vor, diese Datenschutzerkl\u00e4rung gelegentlich anzupassen, damit sie stets den aktuellen rechtlichen Anforderungen entspricht, oder um \u00c4nderungen unserer Leistungen in der Datenschutzerkl\u00e4rung umzusetzen, z. B. bei der Einf\u00fchrung neuer Services. F\u00fcr Ihren erneuten Besuch gilt dann die neue Datenschutzerkl\u00e4rung.<\/p>\n<p><strong>Weitere Informationen<br \/>\n<\/strong>Ihr Vertrauen ist uns wichtig. Daher m\u00f6chten wir Ihnen Rede und Antwort bez\u00fcglich der Verarbeitung Ihrer personenbezogenen Daten stehen. Wenn Sie Fragen haben, die Ihnen diese Datenschutzerkl\u00e4rung nicht beantworten konnte, oder wenn Sie zu einem Punkt vertiefende Informationen w\u00fcnschen, wenden Sie sich bitte an unseren Datenschutzbeauftragten (datenschutz@kunst-undwerbedruck.de).<\/p>\n","protected":false},"excerpt":{"rendered":"<p>Die Kunst- und Werbedruck Hinrich H. Leonhardt G\u00fcnther Wedekind GmbH &amp; Co KG nimmt den Schutz Ihrer pers\u00f6nlichen Daten sehr ernst. Wir halten uns strikt an die Regeln der Datenschutzgesetze. Personenbezogene Daten werden auf dieser Website nur im technisch notwendigen Umfang erhoben. In keinem Fall werden die erhobenen Daten verkauft oder aus anderen Gr\u00fcnden an [&hellip;]<\/p>\n","protected":false},"author":1,"featured_media":0,"parent":0,"menu_order":0,"comment_status":"open","ping_status":"open","template":"","meta":{"footnotes":""},"class_list":["post-223","page","type-page","status-publish","hentry"],"translation":{"provider":"WPGlobus","version":"3.0.0","language":"en","enabled_languages":["de","en"],"languages":{"de":{"title":true,"content":true,"excerpt":false},"en":{"title":false,"content":false,"excerpt":false}}},"_links":{"self":[{"href":"https:\/\/www.kunst-undwerbedruck.de\/en\/wp-json\/wp\/v2\/pages\/223"}],"collection":[{"href":"https:\/\/www.kunst-undwerbedruck.de\/en\/wp-json\/wp\/v2\/pages"}],"about":[{"href":"https:\/\/www.kunst-undwerbedruck.de\/en\/wp-json\/wp\/v2\/types\/page"}],"author":[{"embeddable":true,"href":"https:\/\/www.kunst-undwerbedruck.de\/en\/wp-json\/wp\/v2\/users\/1"}],"replies":[{"embeddable":true,"href":"https:\/\/www.kunst-undwerbedruck.de\/en\/wp-json\/wp\/v2\/comments?post=223"}],"version-history":[{"count":30,"href":"https:\/\/www.kunst-undwerbedruck.de\/en\/wp-json\/wp\/v2\/pages\/223\/revisions"}],"predecessor-version":[{"id":1164,"href":"https:\/\/www.kunst-undwerbedruck.de\/en\/wp-json\/wp\/v2\/pages\/223\/revisions\/1164"}],"wp:attachment":[{"href":"https:\/\/www.kunst-undwerbedruck.de\/en\/wp-json\/wp\/v2\/media?parent=223"}],"curies":[{"name":"wp","href":"https:\/\/api.w.org\/{rel}","templated":true}]}}